{"id":16,"date":"2025-06-23T19:24:06","date_gmt":"2025-06-23T17:24:06","guid":{"rendered":"http:\/\/fusibledepannage.fr\/?page_id=16"},"modified":"2025-06-24T20:52:17","modified_gmt":"2025-06-24T18:52:17","slug":"fusible-depannage","status":"publish","type":"page","link":"https:\/\/fusibledepannage.fr\/","title":{"rendered":"SERVICES"},"content":{"rendered":"\n<figure class=\"wp-block-image alignright size-large is-resized\"><img loading=\"lazy\" decoding=\"async\" width=\"812\" height=\"520\" src=\"https:\/\/fusibledepannage.fr\/wp-content\/uploads\/2025\/06\/Electronique-Reparation-electronique-2.jpg\" alt=\"\" class=\"wp-image-10\" style=\"width:426px;height:auto\" srcset=\"https:\/\/fusibledepannage.fr\/wp-content\/uploads\/2025\/06\/Electronique-Reparation-electronique-2.jpg 812w, https:\/\/fusibledepannage.fr\/wp-content\/uploads\/2025\/06\/Electronique-Reparation-electronique-2-300x192.jpg 300w, https:\/\/fusibledepannage.fr\/wp-content\/uploads\/2025\/06\/Electronique-Reparation-electronique-2-768x492.jpg 768w\" sizes=\"auto, (max-width: 812px) 100vw, 812px\" \/><\/figure>\n\n\n\n<p class=\"has-white-color has-palette-color-3-background-color has-text-color has-background has-link-color has-medium-font-size wp-elements-86c8adc4a55774995dadf65c4de86c88\" style=\"border-style:none;border-width:0px;padding-top:var(--wp--preset--spacing--20);padding-right:var(--wp--preset--spacing--50);padding-bottom:var(--wp--preset--spacing--20);padding-left:var(--wp--preset--spacing--50)\">R\u00e9paration de produits \u00e9lectroniques destin\u00e9s au grand public.<\/p>\n\n\n\n<p class=\"has-white-color has-palette-color-3-background-color has-text-color has-background has-link-color has-medium-font-size wp-elements-f1f55dfb26135211829fbede598f75d1\" style=\"padding-top:var(--wp--preset--spacing--20);padding-right:var(--wp--preset--spacing--50);padding-bottom:var(--wp--preset--spacing--20);padding-left:var(--wp--preset--spacing--50)\">R\u00e9paration de petit \u00e9lectrom\u00e9nager, d\u2019outillage \u00e9lectroportatif et de chargeurs.<\/p>\n\n\n\n<p class=\"has-white-color has-palette-color-3-background-color has-text-color has-background has-link-color has-medium-font-size wp-elements-f5d2138796debcecb706e9500ba62b1f\" style=\"margin-right:0;margin-left:0;padding-top:var(--wp--preset--spacing--20);padding-right:var(--wp--preset--spacing--50);padding-bottom:var(--wp--preset--spacing--20);padding-left:var(--wp--preset--spacing--50)\">R\u00e9paration de volets roulants et d\u2019automatismes de portail.<\/p>\n\n\n\n<p class=\"has-white-color has-palette-color-3-background-color has-text-color has-background has-link-color has-medium-font-size wp-elements-eb8dea96aab2e1f60e1c91dd69937bcb\" style=\"margin-right:0;margin-left:0;padding-top:var(--wp--preset--spacing--20);padding-right:var(--wp--preset--spacing--50);padding-bottom:var(--wp--preset--spacing--20);padding-left:var(--wp--preset--spacing--50)\">Service de d\u00e9pannage \u00e9lectrique<\/p>\n\n\n\n<p><\/p>\n","protected":false},"excerpt":{"rendered":"<p>R\u00e9paration de produits \u00e9lectroniques destin\u00e9s au grand public. R\u00e9paration de petit \u00e9lectrom\u00e9nager, d\u2019outillage \u00e9lectroportatif et de chargeurs. R\u00e9paration de volets roulants et d\u2019automatismes de portail. Service de d\u00e9pannage \u00e9lectrique<\/p>\n","protected":false},"author":1,"featured_media":0,"parent":0,"menu_order":0,"comment_status":"closed","ping_status":"closed","template":"","meta":{"footnotes":""},"class_list":["post-16","page","type-page","status-publish","hentry"],"blocksy_meta":[],"_links":{"self":[{"href":"https:\/\/fusibledepannage.fr\/index.php\/wp-json\/wp\/v2\/pages\/16","targetHints":{"allow":["GET"]}}],"collection":[{"href":"https:\/\/fusibledepannage.fr\/index.php\/wp-json\/wp\/v2\/pages"}],"about":[{"href":"https:\/\/fusibledepannage.fr\/index.php\/wp-json\/wp\/v2\/types\/page"}],"author":[{"embeddable":true,"href":"https:\/\/fusibledepannage.fr\/index.php\/wp-json\/wp\/v2\/users\/1"}],"replies":[{"embeddable":true,"href":"https:\/\/fusibledepannage.fr\/index.php\/wp-json\/wp\/v2\/comments?post=16"}],"version-history":[{"count":5,"href":"https:\/\/fusibledepannage.fr\/index.php\/wp-json\/wp\/v2\/pages\/16\/revisions"}],"predecessor-version":[{"id":41,"href":"https:\/\/fusibledepannage.fr\/index.php\/wp-json\/wp\/v2\/pages\/16\/revisions\/41"}],"wp:attachment":[{"href":"https:\/\/fusibledepannage.fr\/index.php\/wp-json\/wp\/v2\/media?parent=16"}],"curies":[{"name":"wp","href":"https:\/\/api.w.org\/{rel}","templated":true}]}}